{"id":25213,"date":"2026-03-31T10:22:36","date_gmt":"2026-03-31T08:22:36","guid":{"rendered":"https:\/\/femkertitarolo.hu\/?post_type=product&#038;p=25213"},"modified":"2026-04-20T23:18:28","modified_gmt":"2026-04-20T21:18:28","slug":"coimbra-delux-motorgarazs-quadgarazs","status":"publish","type":"product","link":"https:\/\/femkertitarolo.hu\/de\/termekek\/coimbra-delux-motorgarazs-quadgarazs\/","title":{"rendered":"Coimbra"},"content":{"rendered":"<p><strong>A k\u00e9peken szerepl\u0151 motorgar\u00e1zs \/ motor t\u00e1rol\u00f3 \/ quadgar\u00e1zs \/ t\u00e1rol\u00f3 alap\u00e9rtelmezett le\u00edr\u00e1sa:<\/strong><\/p>\n<ul>\n<li>Sz\u00e9less\u00e9g \u00e9s hossz\u00fas\u00e1g: 1,5x3m<\/li>\n<li>Tet\u0151 t\u00edpusa: h\u00e1trafel\u00e9 lejt\u0151, antikondenz\u00e1ci\u00f3s filcbevonattal ell\u00e1tott trap\u00e9zlemezbor\u00edt\u00e1ssal<\/li>\n<li>Magass\u00e1g: el\u00fcls\u0151 fal 2,28m \u00e9s h\u00e1ts\u00f3 fal 2m<\/li>\n<li>Kapu t\u00edpusa: 1db szekcion\u00e1lt kapu (szigetelt, motoriz\u00e1lt)<\/li>\n<li>Kapu hasznos bej\u00e1rati sz\u00e9less\u00e9ge \u00e9s magass\u00e1ga (k\u00fcsz\u00f6bmagass\u00e1g 3cm): 1,22&#215;1,83m<\/li>\n<li>V\u00e1zszerkezet: z\u00e1rtszelv\u00e9nyes, horganyzott ac\u00e9lv\u00e1z<\/li>\n<li>Einfassung: an den Ecken und auf dem Dach des Geb\u00e4udes<\/li>\n<li>Szegecsel\u00e9s: az oldalfalakon a lemezbor\u00edt\u00e1ssal harmoniz\u00e1l\u00f3 sz\u00ednes szegecsek<\/li>\n<li>Lemezbor\u00edt\u00e1s: I. oszt\u00e1ly\u00fa sz\u00ednes trap\u00e9zlemez \u2013 a teljes \u00e9p\u00fclet v\u00edzszintes lemezbor\u00edt\u00e1ssal<\/li>\n<li>Sz\u00ednek: winchester vil\u00e1gos t\u00f6lgy (kapu) \u00e9s antracitsz\u00fcrke matt BTX 7016 (falak, tet\u0151, szeg\u00e9lyek)<\/li>\n<li>Ereszcsatorna: sz\u00fcrke sz\u00edn\u0171, m\u0171anyag, 1db lefoly\u00f3val h\u00e1tul<\/li>\n<li>R\u00f6gz\u00edt\u00e9s: betond\u0171belekkel az \u00dcgyf\u00e9l \u00e1ltal megfelel\u0151en el\u0151k\u00e9sz\u00edtett alaphoz<\/li>\n<\/ul>\n<p><strong>A motorgar\u00e1zs a fenti param\u00e9tersoron k\u00edv\u00fcl az al\u00e1bbi kieg\u00e9sz\u00edt\u0151kkel m\u00f3dos\u00edthat\u00f3:<\/strong><\/p>\n<ul>\n<li>szigetel\u00e9s (szendvicspanel)<\/li>\n<li>billen\u0151kapu<\/li>\n<li>billen\u0151kapu motoriz\u00e1l\u00e1sa<\/li>\n<li>trap\u00e9zlemez ajt\u00f3<\/li>\n<li>ajt\u00f3kit\u00e1maszt\u00f3<\/li>\n<li>szigetelt ajt\u00f3<\/li>\n<li>ablak<\/li>\n<li>cserepeslemez bor\u00edt\u00e1s a tet\u0151n<\/li>\n<li>szell\u0151z\u0151r\u00e1cs<\/li>\n<li>v\u00edzelvezet\u0151 als\u00f3 szeg\u00e9lyez\u00e9s<\/li>\n<\/ul>\n<p>Emellett term\u00e9szetesen olyan m\u00f3dos\u00edt\u00e1sokat is eszk\u00f6z\u00f6lhetsz, mint pl. a motor t\u00e1rol\u00f3 alapm\u00e9ret\u00e9nek megv\u00e1ltoztat\u00e1sa, ny\u00edl\u00e1sz\u00e1r\u00f3k elhelyezked\u00e9se, lemezbor\u00edt\u00e1s sz\u00edne, tet\u0151 lejt\u00e9s\u00e9nek ir\u00e1nya, stb. Az aj\u00e1nlatk\u00e9r\u00e9s folyam\u00e1n t\u00fcntesd fel a k\u00e9rt m\u00f3dos\u00edt\u00e1sokat, kieg\u00e9sz\u00edt\u0151ket \u00e9s e-mailben fogjuk elk\u00fcldeni az aj\u00e1nlatot a k\u00e9rt v\u00e1ltoztat\u00e1sokkal. A rendel\u00e9s csak a k\u00e9rt pontos\u00edt\u00e1sok \u00e9s az aj\u00e1nlat elfogad\u00e1sa ut\u00e1n ker\u00fcl majd v\u00e9gleges\u00edt\u00e9sre.<\/p>\n<p>A <strong>DELUX<\/strong> min\u0151s\u00e9gi motorgar\u00e1zs \/ motor t\u00e1rol\u00f3 \/ quadgar\u00e1zs \/ t\u00e1rol\u00f3 \u00e1ra tartalmazza a gy\u00e1rt\u00e1st, sz\u00e1ll\u00edt\u00e1st, \u00f6sszeszerel\u00e9st \u00e9s az \u00e9p\u00fclet r\u00f6gz\u00edt\u00e9s\u00e9t is az \u00e1ltalad megfelel\u0151en el\u0151k\u00e9sz\u00edtett alaphoz.<\/p>","protected":false},"excerpt":{"rendered":"<p>1,5-2\u00d73m-es DELUX motorgar\u00e1zs \/ quadgar\u00e1zs \/ t\u00e1rol\u00f3 h\u00e1tra lejt\u0151 tet\u0151vel, szigetelt, motoriz\u00e1lt szekcion\u00e1lt kapuval, ereszcsatorn\u00e1val, szeg\u00e9lyekkel, horganyzott v\u00e1zszerkezettel<\/p>","protected":false},"featured_media":25267,"comment_status":"closed","ping_status":"closed","template":"","meta":{"_acf_changed":false},"product_brand":[],"product_cat":[349,132],"product_tag":[],"class_list":{"0":"post-25213","1":"product","2":"type-product","3":"status-publish","4":"has-post-thumbnail","6":"product_cat-delux_motorgarazs-quadgarazs","7":"product_cat-delux_kerti-tarolo","8":"product_shipping_class-normal","10":"first","11":"instock","12":"sold-individually","13":"taxable","14":"shipping-taxable","15":"purchasable","16":"product-type-variable","17":"has-default-attributes"},"acf":[],"etheme_brands":{"errors":{"invalid_taxonomy":["Die Taxonomie ist ung\u00fcltig."]},"error_data":[]},"yoast_head":"<!-- This site is optimized with the Yoast SEO Premium plugin v26.7 (Yoast SEO v27.4) - https:\/\/yoast.com\/product\/yoast-seo-premium-wordpress\/ -->\n<title>Motorgar\u00e1zs Motor T\u00e1rol\u00f3 Quadgar\u00e1zs DELUX - COIMBRA<\/title>\n<meta name=\"description\" content=\"1,5-2\u00d73m-es DELUX motorgar\u00e1zs \/ motor t\u00e1rol\u00f3 \/ quadgar\u00e1zs \/ t\u00e1rol\u00f3 h\u00e1tra lejt\u0151 tet\u0151vel, szigetelt, motoriz\u00e1lt szekcion\u00e1lt kapuval, ereszcsatorn\u00e1val\" \/>\n<meta name=\"robots\" content=\"index, follow, max-snippet:-1, max-image-preview:large, max-video-preview:-1\" \/>\n<link rel=\"canonical\" href=\"https:\/\/femkertitarolo.hu\/de\/termekek\/coimbra-delux-motorgarazs-quadgarazs\/\" \/>\n<meta property=\"og:locale\" content=\"de_DE\" \/>\n<meta property=\"og:type\" content=\"article\" \/>\n<meta property=\"og:title\" content=\"COIMBRA - DELUX motorgar\u00e1zs \/ quadgar\u00e1zs \/ t\u00e1rol\u00f3\" \/>\n<meta property=\"og:description\" content=\"1,5-2\u00d73m-es \u00e9p\u00fclet h\u00e1tra lejt\u0151 tet\u0151vel, szigetelt, motoriz\u00e1lt szekcion\u00e1lt kapuval, ereszcsatorn\u00e1val, szeg\u00e9lyekkel, horganyzott v\u00e1zszerkezettel\" \/>\n<meta property=\"og:url\" content=\"https:\/\/femkertitarolo.hu\/de\/termekek\/coimbra-delux-motorgarazs-quadgarazs\/\" \/>\n<meta property=\"og:site_name\" content=\"F\u00e9mKertiT\u00e1rol\u00f3.hu\" \/>\n<meta property=\"article:publisher\" content=\"https:\/\/www.facebook.com\/mobilgarazsbolt\" \/>\n<meta property=\"article:modified_time\" content=\"2026-04-20T21:18:28+00:00\" \/>\n<meta property=\"og:image\" content=\"https:\/\/femkertitarolo.hu\/wp-content\/uploads\/2026\/03\/PULION-DELUX-minosegi-lemez-motorgarazs-quadgarazs-COIMBRA-01.jpg\" \/>\n\t<meta property=\"og:image:width\" content=\"610\" \/>\n\t<meta property=\"og:image:height\" content=\"450\" \/>\n\t<meta property=\"og:image:type\" content=\"image\/jpeg\" \/>\n<meta name=\"twitter:card\" content=\"summary_large_image\" \/>\n<meta name=\"twitter:title\" content=\"COIMBRA - DELUX motorgar\u00e1zs \/ quadgar\u00e1zs \/ t\u00e1rol\u00f3\" \/>\n<meta name=\"twitter:description\" content=\"1,5-2\u00d73m-es \u00e9p\u00fclet h\u00e1tra lejt\u0151 tet\u0151vel, szigetelt, motoriz\u00e1lt szekcion\u00e1lt kapuval, ereszcsatorn\u00e1val, szeg\u00e9lyekkel, horganyzott v\u00e1zszerkezettel\" \/>\n<meta name=\"twitter:label1\" content=\"Verf\u00fcgbarkeit\" \/>\n\t<meta name=\"twitter:data1\" content=\"Auf Lager\" \/>\n<script type=\"application\/ld+json\" class=\"yoast-schema-graph\">{\"@context\":\"https:\\\/\\\/schema.org\",\"@graph\":[{\"@type\":\"WebPage\",\"@id\":\"https:\\\/\\\/femkertitarolo.hu\\\/termekek\\\/coimbra-delux-motorgarazs-quadgarazs\\\/\",\"url\":\"https:\\\/\\\/femkertitarolo.hu\\\/termekek\\\/coimbra-delux-motorgarazs-quadgarazs\\\/\",\"name\":\"Motorgar\u00e1zs Motor T\u00e1rol\u00f3 Quadgar\u00e1zs DELUX - COIMBRA\",\"isPartOf\":{\"@id\":\"https:\\\/\\\/femkertitarolo.hu\\\/#website\"},\"primaryImageOfPage\":{\"@id\":\"https:\\\/\\\/femkertitarolo.hu\\\/termekek\\\/coimbra-delux-motorgarazs-quadgarazs\\\/#primaryimage\"},\"image\":{\"@id\":\"https:\\\/\\\/femkertitarolo.hu\\\/termekek\\\/coimbra-delux-motorgarazs-quadgarazs\\\/#primaryimage\"},\"thumbnailUrl\":\"https:\\\/\\\/femkertitarolo.hu\\\/wp-content\\\/uploads\\\/2026\\\/03\\\/PULION-DELUX-minosegi-lemez-motorgarazs-quadgarazs-COIMBRA-01.jpg\",\"datePublished\":\"2026-03-31T08:22:36+00:00\",\"dateModified\":\"2026-04-20T21:18:28+00:00\",\"description\":\"1,5-2\u00d73m-es DELUX motorgar\u00e1zs \\\/ motor t\u00e1rol\u00f3 \\\/ quadgar\u00e1zs \\\/ t\u00e1rol\u00f3 h\u00e1tra lejt\u0151 tet\u0151vel, szigetelt, motoriz\u00e1lt szekcion\u00e1lt kapuval, ereszcsatorn\u00e1val\",\"breadcrumb\":{\"@id\":\"https:\\\/\\\/femkertitarolo.hu\\\/termekek\\\/coimbra-delux-motorgarazs-quadgarazs\\\/#breadcrumb\"},\"inLanguage\":\"de\",\"potentialAction\":[{\"@type\":\"ReadAction\",\"target\":[\"https:\\\/\\\/femkertitarolo.hu\\\/termekek\\\/coimbra-delux-motorgarazs-quadgarazs\\\/\"]}]},{\"@type\":\"ImageObject\",\"inLanguage\":\"de\",\"@id\":\"https:\\\/\\\/femkertitarolo.hu\\\/termekek\\\/coimbra-delux-motorgarazs-quadgarazs\\\/#primaryimage\",\"url\":\"https:\\\/\\\/femkertitarolo.hu\\\/wp-content\\\/uploads\\\/2026\\\/03\\\/PULION-DELUX-minosegi-lemez-motorgarazs-quadgarazs-COIMBRA-01.jpg\",\"contentUrl\":\"https:\\\/\\\/femkertitarolo.hu\\\/wp-content\\\/uploads\\\/2026\\\/03\\\/PULION-DELUX-minosegi-lemez-motorgarazs-quadgarazs-COIMBRA-01.jpg\",\"width\":610,\"height\":450},{\"@type\":\"BreadcrumbList\",\"@id\":\"https:\\\/\\\/femkertitarolo.hu\\\/termekek\\\/coimbra-delux-motorgarazs-quadgarazs\\\/#breadcrumb\",\"itemListElement\":[{\"@type\":\"ListItem\",\"position\":1,\"name\":\"Kezd\u0151lap\",\"item\":\"https:\\\/\\\/femkertitarolo.hu\\\/\"},{\"@type\":\"ListItem\",\"position\":2,\"name\":\"Term\u00e9kek\",\"item\":\"https:\\\/\\\/femkertitarolo.hu\\\/bolt\\\/\"},{\"@type\":\"ListItem\",\"position\":3,\"name\":\"Coimbra\"}]},{\"@type\":\"WebSite\",\"@id\":\"https:\\\/\\\/femkertitarolo.hu\\\/#website\",\"url\":\"https:\\\/\\\/femkertitarolo.hu\\\/\",\"name\":\"MobilGar\u00e1zsBolt.hu\",\"description\":\"Min\u0151s\u00e9gi f\u00e9m kerti t\u00e1rol\u00f3k, kerti h\u00e1zak \u00e9s praktikus kerti t\u00e1rol\u00e1si megold\u00e1sok egy helyen.\",\"publisher\":{\"@id\":\"https:\\\/\\\/femkertitarolo.hu\\\/#organization\"},\"potentialAction\":[{\"@type\":\"SearchAction\",\"target\":{\"@type\":\"EntryPoint\",\"urlTemplate\":\"https:\\\/\\\/femkertitarolo.hu\\\/?s={search_term_string}\"},\"query-input\":{\"@type\":\"PropertyValueSpecification\",\"valueRequired\":true,\"valueName\":\"search_term_string\"}}],\"inLanguage\":\"de\"},{\"@type\":\"Organization\",\"@id\":\"https:\\\/\\\/femkertitarolo.hu\\\/#organization\",\"name\":\"MobilGar\u00e1zsBolt.hu Kft\",\"alternateName\":\"MGB\",\"url\":\"https:\\\/\\\/femkertitarolo.hu\\\/\",\"logo\":{\"@type\":\"ImageObject\",\"inLanguage\":\"de\",\"@id\":\"https:\\\/\\\/femkertitarolo.hu\\\/#\\\/schema\\\/logo\\\/image\\\/\",\"url\":\"https:\\\/\\\/femkertitarolo.hu\\\/wp-content\\\/uploads\\\/2024\\\/02\\\/mbg-logo-szines.svg\",\"contentUrl\":\"https:\\\/\\\/femkertitarolo.hu\\\/wp-content\\\/uploads\\\/2024\\\/02\\\/mbg-logo-szines.svg\",\"width\":599,\"height\":111,\"caption\":\"MobilGar\u00e1zsBolt.hu Kft\"},\"image\":{\"@id\":\"https:\\\/\\\/femkertitarolo.hu\\\/#\\\/schema\\\/logo\\\/image\\\/\"},\"sameAs\":[\"https:\\\/\\\/www.facebook.com\\\/mobilgarazsbolt\",\"https:\\\/\\\/www.instagram.com\\\/femkertitarolo.hu\",\"https:\\\/\\\/www.tiktok.com\\\/@femkertitarolo.hu\",\"https:\\\/\\\/www.femkertitarolo.hu\"]}]}<\/script>\n<meta property=\"og:availability\" content=\"instock\" \/>\n<meta property=\"product:availability\" content=\"instock\" \/>\n<meta property=\"product:condition\" content=\"new\" \/>\n<!-- \/ Yoast SEO Premium plugin. -->","yoast_head_json":{"title":"Motorgar\u00e1zs Motor T\u00e1rol\u00f3 Quadgar\u00e1zs DELUX - COIMBRA","description":"1,5-2\u00d73m-es DELUX motorgar\u00e1zs \/ motor t\u00e1rol\u00f3 \/ quadgar\u00e1zs \/ t\u00e1rol\u00f3 h\u00e1tra lejt\u0151 tet\u0151vel, szigetelt, motoriz\u00e1lt szekcion\u00e1lt kapuval, ereszcsatorn\u00e1val","robots":{"index":"index","follow":"follow","max-snippet":"max-snippet:-1","max-image-preview":"max-image-preview:large","max-video-preview":"max-video-preview:-1"},"canonical":"https:\/\/femkertitarolo.hu\/de\/termekek\/coimbra-delux-motorgarazs-quadgarazs\/","og_locale":"de_DE","og_type":"article","og_title":"COIMBRA - DELUX motorgar\u00e1zs \/ quadgar\u00e1zs \/ t\u00e1rol\u00f3","og_description":"1,5-2\u00d73m-es \u00e9p\u00fclet h\u00e1tra lejt\u0151 tet\u0151vel, szigetelt, motoriz\u00e1lt szekcion\u00e1lt kapuval, ereszcsatorn\u00e1val, szeg\u00e9lyekkel, horganyzott v\u00e1zszerkezettel","og_url":"https:\/\/femkertitarolo.hu\/de\/termekek\/coimbra-delux-motorgarazs-quadgarazs\/","og_site_name":"F\u00e9mKertiT\u00e1rol\u00f3.hu","article_publisher":"https:\/\/www.facebook.com\/mobilgarazsbolt","article_modified_time":"2026-04-20T21:18:28+00:00","og_image":[{"width":610,"height":450,"url":"https:\/\/femkertitarolo.hu\/wp-content\/uploads\/2026\/03\/PULION-DELUX-minosegi-lemez-motorgarazs-quadgarazs-COIMBRA-01.jpg","type":"image\/jpeg"}],"twitter_card":"summary_large_image","twitter_title":"COIMBRA - DELUX motorgar\u00e1zs \/ quadgar\u00e1zs \/ t\u00e1rol\u00f3","twitter_description":"1,5-2\u00d73m-es \u00e9p\u00fclet h\u00e1tra lejt\u0151 tet\u0151vel, szigetelt, motoriz\u00e1lt szekcion\u00e1lt kapuval, ereszcsatorn\u00e1val, szeg\u00e9lyekkel, horganyzott v\u00e1zszerkezettel","twitter_misc":{"Verf\u00fcgbarkeit":"Auf Lager"},"schema":{"@context":"https:\/\/schema.org","@graph":[{"@type":"WebPage","@id":"https:\/\/femkertitarolo.hu\/termekek\/coimbra-delux-motorgarazs-quadgarazs\/","url":"https:\/\/femkertitarolo.hu\/termekek\/coimbra-delux-motorgarazs-quadgarazs\/","name":"Motorgar\u00e1zs Motor T\u00e1rol\u00f3 Quadgar\u00e1zs DELUX - COIMBRA","isPartOf":{"@id":"https:\/\/femkertitarolo.hu\/#website"},"primaryImageOfPage":{"@id":"https:\/\/femkertitarolo.hu\/termekek\/coimbra-delux-motorgarazs-quadgarazs\/#primaryimage"},"image":{"@id":"https:\/\/femkertitarolo.hu\/termekek\/coimbra-delux-motorgarazs-quadgarazs\/#primaryimage"},"thumbnailUrl":"https:\/\/femkertitarolo.hu\/wp-content\/uploads\/2026\/03\/PULION-DELUX-minosegi-lemez-motorgarazs-quadgarazs-COIMBRA-01.jpg","datePublished":"2026-03-31T08:22:36+00:00","dateModified":"2026-04-20T21:18:28+00:00","description":"1,5-2\u00d73m-es DELUX motorgar\u00e1zs \/ motor t\u00e1rol\u00f3 \/ quadgar\u00e1zs \/ t\u00e1rol\u00f3 h\u00e1tra lejt\u0151 tet\u0151vel, szigetelt, motoriz\u00e1lt szekcion\u00e1lt kapuval, ereszcsatorn\u00e1val","breadcrumb":{"@id":"https:\/\/femkertitarolo.hu\/termekek\/coimbra-delux-motorgarazs-quadgarazs\/#breadcrumb"},"inLanguage":"de","potentialAction":[{"@type":"ReadAction","target":["https:\/\/femkertitarolo.hu\/termekek\/coimbra-delux-motorgarazs-quadgarazs\/"]}]},{"@type":"ImageObject","inLanguage":"de","@id":"https:\/\/femkertitarolo.hu\/termekek\/coimbra-delux-motorgarazs-quadgarazs\/#primaryimage","url":"https:\/\/femkertitarolo.hu\/wp-content\/uploads\/2026\/03\/PULION-DELUX-minosegi-lemez-motorgarazs-quadgarazs-COIMBRA-01.jpg","contentUrl":"https:\/\/femkertitarolo.hu\/wp-content\/uploads\/2026\/03\/PULION-DELUX-minosegi-lemez-motorgarazs-quadgarazs-COIMBRA-01.jpg","width":610,"height":450},{"@type":"BreadcrumbList","@id":"https:\/\/femkertitarolo.hu\/termekek\/coimbra-delux-motorgarazs-quadgarazs\/#breadcrumb","itemListElement":[{"@type":"ListItem","position":1,"name":"Kezd\u0151lap","item":"https:\/\/femkertitarolo.hu\/"},{"@type":"ListItem","position":2,"name":"Term\u00e9kek","item":"https:\/\/femkertitarolo.hu\/bolt\/"},{"@type":"ListItem","position":3,"name":"Coimbra"}]},{"@type":"WebSite","@id":"https:\/\/femkertitarolo.hu\/#website","url":"https:\/\/femkertitarolo.hu\/","name":"MobilGar\u00e1zsBolt.hu","description":"Min\u0151s\u00e9gi f\u00e9m kerti t\u00e1rol\u00f3k, kerti h\u00e1zak \u00e9s praktikus kerti t\u00e1rol\u00e1si megold\u00e1sok egy helyen.","publisher":{"@id":"https:\/\/femkertitarolo.hu\/#organization"},"potentialAction":[{"@type":"SearchAction","target":{"@type":"EntryPoint","urlTemplate":"https:\/\/femkertitarolo.hu\/?s={search_term_string}"},"query-input":{"@type":"PropertyValueSpecification","valueRequired":true,"valueName":"search_term_string"}}],"inLanguage":"de"},{"@type":"Organization","@id":"https:\/\/femkertitarolo.hu\/#organization","name":"MobilGar\u00e1zsBolt.hu Kft","alternateName":"MGB","url":"https:\/\/femkertitarolo.hu\/","logo":{"@type":"ImageObject","inLanguage":"de","@id":"https:\/\/femkertitarolo.hu\/#\/schema\/logo\/image\/","url":"https:\/\/femkertitarolo.hu\/wp-content\/uploads\/2024\/02\/mbg-logo-szines.svg","contentUrl":"https:\/\/femkertitarolo.hu\/wp-content\/uploads\/2024\/02\/mbg-logo-szines.svg","width":599,"height":111,"caption":"MobilGar\u00e1zsBolt.hu Kft"},"image":{"@id":"https:\/\/femkertitarolo.hu\/#\/schema\/logo\/image\/"},"sameAs":["https:\/\/www.facebook.com\/mobilgarazsbolt","https:\/\/www.instagram.com\/femkertitarolo.hu","https:\/\/www.tiktok.com\/@femkertitarolo.hu","https:\/\/www.femkertitarolo.hu"]}]},"og_availability":"instock","product_availability":"instock","product_condition":"new"},"_links":{"self":[{"href":"https:\/\/femkertitarolo.hu\/de\/wp-json\/wp\/v2\/product\/25213","targetHints":{"allow":["GET"]}}],"collection":[{"href":"https:\/\/femkertitarolo.hu\/de\/wp-json\/wp\/v2\/product"}],"about":[{"href":"https:\/\/femkertitarolo.hu\/de\/wp-json\/wp\/v2\/types\/product"}],"replies":[{"embeddable":true,"href":"https:\/\/femkertitarolo.hu\/de\/wp-json\/wp\/v2\/comments?post=25213"}],"wp:featuredmedia":[{"embeddable":true,"href":"https:\/\/femkertitarolo.hu\/de\/wp-json\/wp\/v2\/media\/25267"}],"wp:attachment":[{"href":"https:\/\/femkertitarolo.hu\/de\/wp-json\/wp\/v2\/media?parent=25213"}],"wp:term":[{"taxonomy":"product_brand","embeddable":true,"href":"https:\/\/femkertitarolo.hu\/de\/wp-json\/wp\/v2\/product_brand?post=25213"},{"taxonomy":"product_cat","embeddable":true,"href":"https:\/\/femkertitarolo.hu\/de\/wp-json\/wp\/v2\/product_cat?post=25213"},{"taxonomy":"product_tag","embeddable":true,"href":"https:\/\/femkertitarolo.hu\/de\/wp-json\/wp\/v2\/product_tag?post=25213"}],"curies":[{"name":"wp","href":"https:\/\/api.w.org\/{rel}","templated":true}]}}